{"id":5185,"date":"2025-02-18T12:30:49","date_gmt":"2025-02-18T12:30:49","guid":{"rendered":"https:\/\/spanyi.weiterdev.ch\/?page_id=5185"},"modified":"2025-02-18T12:33:16","modified_gmt":"2025-02-18T12:33:16","slug":"imprint","status":"publish","type":"page","link":"https:\/\/spanyi.weiterdev.ch\/en\/imprint\/","title":{"rendered":"Imprint"},"content":{"rendered":"\t\t<div data-elementor-type=\"wp-page\" data-elementor-id=\"5185\" class=\"elementor elementor-5185\" data-elementor-post-type=\"page\">\n\t\t\t\t<div class=\"elementor-element elementor-element-1f8b7fe e-flex e-con-boxed e-con e-parent\" data-id=\"1f8b7fe\" data-element_type=\"container\" data-e-type=\"container\" data-settings=\"{&quot;jet_parallax_layout_list&quot;:[]}\">\n\t\t\t\t\t<div class=\"e-con-inner\">\n\t\t\t\t<div class=\"elementor-element elementor-element-7ab03e1 elementor-widget elementor-widget-heading\" data-id=\"7ab03e1\" data-element_type=\"widget\" data-e-type=\"widget\" data-widget_type=\"heading.default\">\n\t\t\t\t<div class=\"elementor-widget-container\">\n\t\t\t\t\t<h2 class=\"elementor-heading-title elementor-size-default\">IMPRINT<\/h2>\t\t\t\t<\/div>\n\t\t\t\t<\/div>\n\t\t\t\t<div class=\"elementor-element elementor-element-312923d elementor-widget elementor-widget-text-editor\" data-id=\"312923d\" data-element_type=\"widget\" data-e-type=\"widget\" data-widget_type=\"text-editor.default\">\n\t\t\t\t<div class=\"elementor-widget-container\">\n\t\t\t\t\t\t\t\t\t<p>SP\u00c1NYI PARTNERS ZRT.<br \/>1123 Budapest, <br \/>Gy\u0151ri \u00fat 16-18. I. emelet<\/p><p><a href=\"tel:\/\/+3612121228\">+36 1 212 1228<\/a><br \/><a href=\"mailto:info@spanyi.hu\">info@spanyi.hu<\/a><br \/><a href=\"https:\/\/www.spanyi.hu\">www.spanyi.hu<\/a><\/p>\t\t\t\t\t\t\t\t<\/div>\n\t\t\t\t<\/div>\n\t\t\t\t\t<\/div>\n\t\t\t\t<\/div>\n\t\t\t\t<\/div>\n\t\t","protected":false},"excerpt":{"rendered":"<p>IMPRINT SP\u00c1NYI PARTNERS ZRT.1123 Budapest, Gy\u0151ri \u00fat 16-18. I. emelet +36 1 212 1228info@spanyi.huwww.spanyi.hu<\/p>\n","protected":false},"author":1,"featured_media":0,"parent":0,"menu_order":0,"comment_status":"closed","ping_status":"closed","template":"","meta":{"_acf_changed":false,"footnotes":""},"class_list":["post-5185","page","type-page","status-publish","hentry"],"acf":[],"yoast_head":"<!-- This site is optimized with the Yoast SEO Premium plugin v24.7 (Yoast SEO v27.3) - https:\/\/yoast.com\/product\/yoast-seo-premium-wordpress\/ -->\n<title>Imprint - Sp\u00e1nyi Partners<\/title>\n<meta name=\"robots\" content=\"noindex, follow, max-snippet:-1, max-image-preview:large, max-video-preview:-1\" \/>\n<meta property=\"og:locale\" content=\"en_US\" \/>\n<meta property=\"og:type\" content=\"article\" \/>\n<meta property=\"og:title\" content=\"Imprint\" \/>\n<meta property=\"og:description\" content=\"IMPRINT SP\u00c1NYI PARTNERS ZRT.1123 Budapest, Gy\u0151ri \u00fat 16-18. I. emelet +36 1 212 1228info@spanyi.huwww.spanyi.hu\" \/>\n<meta property=\"og:url\" content=\"https:\/\/spanyi.weiterdev.ch\/impresszum\/\" \/>\n<meta property=\"og:site_name\" content=\"Sp\u00e1nyi Partners\" \/>\n<meta property=\"article:modified_time\" content=\"2025-02-18T12:33:16+00:00\" \/>\n<meta name=\"twitter:card\" content=\"summary_large_image\" \/>\n<script type=\"application\/ld+json\" class=\"yoast-schema-graph\">{\"@context\":\"https:\\\/\\\/schema.org\",\"@graph\":[{\"@type\":\"WebPage\",\"@id\":\"https:\\\/\\\/spanyi.weiterdev.ch\\\/impresszum\\\/\",\"url\":\"https:\\\/\\\/spanyi.weiterdev.ch\\\/impresszum\\\/\",\"name\":\"Imprint - Sp\u00e1nyi Partners\",\"isPartOf\":{\"@id\":\"https:\\\/\\\/spanyi.weiterdev.ch\\\/#website\"},\"datePublished\":\"2025-02-18T12:30:49+00:00\",\"dateModified\":\"2025-02-18T12:33:16+00:00\",\"breadcrumb\":{\"@id\":\"https:\\\/\\\/spanyi.weiterdev.ch\\\/impresszum\\\/#breadcrumb\"},\"inLanguage\":\"en-US\",\"potentialAction\":[{\"@type\":\"ReadAction\",\"target\":[\"https:\\\/\\\/spanyi.weiterdev.ch\\\/impresszum\\\/\"]}]},{\"@type\":\"BreadcrumbList\",\"@id\":\"https:\\\/\\\/spanyi.weiterdev.ch\\\/impresszum\\\/#breadcrumb\",\"itemListElement\":[{\"@type\":\"ListItem\",\"position\":1,\"name\":\"Home\",\"item\":\"https:\\\/\\\/spanyi.weiterdev.ch\\\/en\\\/\"},{\"@type\":\"ListItem\",\"position\":2,\"name\":\"Imprint\"}]},{\"@type\":\"WebSite\",\"@id\":\"https:\\\/\\\/spanyi.weiterdev.ch\\\/#website\",\"url\":\"https:\\\/\\\/spanyi.weiterdev.ch\\\/\",\"name\":\"Sp\u00e1nyi Partners\",\"description\":\"\",\"publisher\":{\"@id\":\"https:\\\/\\\/spanyi.weiterdev.ch\\\/#organization\"},\"potentialAction\":[{\"@type\":\"SearchAction\",\"target\":{\"@type\":\"EntryPoint\",\"urlTemplate\":\"https:\\\/\\\/spanyi.weiterdev.ch\\\/?s={search_term_string}\"},\"query-input\":{\"@type\":\"PropertyValueSpecification\",\"valueRequired\":true,\"valueName\":\"search_term_string\"}}],\"inLanguage\":\"en-US\"},{\"@type\":\"Organization\",\"@id\":\"https:\\\/\\\/spanyi.weiterdev.ch\\\/#organization\",\"name\":\"Sp\u00e1nyi Partners\",\"url\":\"https:\\\/\\\/spanyi.weiterdev.ch\\\/\",\"logo\":{\"@type\":\"ImageObject\",\"inLanguage\":\"en-US\",\"@id\":\"https:\\\/\\\/spanyi.weiterdev.ch\\\/#\\\/schema\\\/logo\\\/image\\\/\",\"url\":\"https:\\\/\\\/spanyi.weiterdev.ch\\\/wp-content\\\/uploads\\\/2024\\\/08\\\/spanyi_logo_white.png\",\"contentUrl\":\"https:\\\/\\\/spanyi.weiterdev.ch\\\/wp-content\\\/uploads\\\/2024\\\/08\\\/spanyi_logo_white.png\",\"width\":351,\"height\":114,\"caption\":\"Sp\u00e1nyi Partners\"},\"image\":{\"@id\":\"https:\\\/\\\/spanyi.weiterdev.ch\\\/#\\\/schema\\\/logo\\\/image\\\/\"}}]}<\/script>\n<!-- \/ Yoast SEO Premium plugin. -->","yoast_head_json":{"title":"Imprint - Sp\u00e1nyi Partners","robots":{"index":"noindex","follow":"follow","max-snippet":"max-snippet:-1","max-image-preview":"max-image-preview:large","max-video-preview":"max-video-preview:-1"},"og_locale":"en_US","og_type":"article","og_title":"Imprint","og_description":"IMPRINT SP\u00c1NYI PARTNERS ZRT.1123 Budapest, Gy\u0151ri \u00fat 16-18. I. emelet +36 1 212 1228info@spanyi.huwww.spanyi.hu","og_url":"https:\/\/spanyi.weiterdev.ch\/impresszum\/","og_site_name":"Sp\u00e1nyi Partners","article_modified_time":"2025-02-18T12:33:16+00:00","twitter_card":"summary_large_image","schema":{"@context":"https:\/\/schema.org","@graph":[{"@type":"WebPage","@id":"https:\/\/spanyi.weiterdev.ch\/impresszum\/","url":"https:\/\/spanyi.weiterdev.ch\/impresszum\/","name":"Imprint - Sp\u00e1nyi Partners","isPartOf":{"@id":"https:\/\/spanyi.weiterdev.ch\/#website"},"datePublished":"2025-02-18T12:30:49+00:00","dateModified":"2025-02-18T12:33:16+00:00","breadcrumb":{"@id":"https:\/\/spanyi.weiterdev.ch\/impresszum\/#breadcrumb"},"inLanguage":"en-US","potentialAction":[{"@type":"ReadAction","target":["https:\/\/spanyi.weiterdev.ch\/impresszum\/"]}]},{"@type":"BreadcrumbList","@id":"https:\/\/spanyi.weiterdev.ch\/impresszum\/#breadcrumb","itemListElement":[{"@type":"ListItem","position":1,"name":"Home","item":"https:\/\/spanyi.weiterdev.ch\/en\/"},{"@type":"ListItem","position":2,"name":"Imprint"}]},{"@type":"WebSite","@id":"https:\/\/spanyi.weiterdev.ch\/#website","url":"https:\/\/spanyi.weiterdev.ch\/","name":"Sp\u00e1nyi Partners","description":"","publisher":{"@id":"https:\/\/spanyi.weiterdev.ch\/#organization"},"potentialAction":[{"@type":"SearchAction","target":{"@type":"EntryPoint","urlTemplate":"https:\/\/spanyi.weiterdev.ch\/?s={search_term_string}"},"query-input":{"@type":"PropertyValueSpecification","valueRequired":true,"valueName":"search_term_string"}}],"inLanguage":"en-US"},{"@type":"Organization","@id":"https:\/\/spanyi.weiterdev.ch\/#organization","name":"Sp\u00e1nyi Partners","url":"https:\/\/spanyi.weiterdev.ch\/","logo":{"@type":"ImageObject","inLanguage":"en-US","@id":"https:\/\/spanyi.weiterdev.ch\/#\/schema\/logo\/image\/","url":"https:\/\/spanyi.weiterdev.ch\/wp-content\/uploads\/2024\/08\/spanyi_logo_white.png","contentUrl":"https:\/\/spanyi.weiterdev.ch\/wp-content\/uploads\/2024\/08\/spanyi_logo_white.png","width":351,"height":114,"caption":"Sp\u00e1nyi Partners"},"image":{"@id":"https:\/\/spanyi.weiterdev.ch\/#\/schema\/logo\/image\/"}}]}},"_links":{"self":[{"href":"https:\/\/spanyi.weiterdev.ch\/en\/wp-json\/wp\/v2\/pages\/5185","targetHints":{"allow":["GET"]}}],"collection":[{"href":"https:\/\/spanyi.weiterdev.ch\/en\/wp-json\/wp\/v2\/pages"}],"about":[{"href":"https:\/\/spanyi.weiterdev.ch\/en\/wp-json\/wp\/v2\/types\/page"}],"author":[{"embeddable":true,"href":"https:\/\/spanyi.weiterdev.ch\/en\/wp-json\/wp\/v2\/users\/1"}],"replies":[{"embeddable":true,"href":"https:\/\/spanyi.weiterdev.ch\/en\/wp-json\/wp\/v2\/comments?post=5185"}],"version-history":[{"count":4,"href":"https:\/\/spanyi.weiterdev.ch\/en\/wp-json\/wp\/v2\/pages\/5185\/revisions"}],"predecessor-version":[{"id":5194,"href":"https:\/\/spanyi.weiterdev.ch\/en\/wp-json\/wp\/v2\/pages\/5185\/revisions\/5194"}],"wp:attachment":[{"href":"https:\/\/spanyi.weiterdev.ch\/en\/wp-json\/wp\/v2\/media?parent=5185"}],"curies":[{"name":"wp","href":"https:\/\/api.w.org\/{rel}","templated":true}]}}