{"id":457,"date":"2024-08-13T13:03:10","date_gmt":"2024-08-13T13:03:10","guid":{"rendered":"https:\/\/spanyi.weiterdev.ch\/?page_id=457"},"modified":"2025-03-13T12:22:49","modified_gmt":"2025-03-13T12:22:49","slug":"contact","status":"publish","type":"page","link":"https:\/\/spanyi.weiterdev.ch\/en\/contact\/","title":{"rendered":"Contact"},"content":{"rendered":"\t\t<div data-elementor-type=\"wp-page\" data-elementor-id=\"457\" class=\"elementor elementor-457\" data-elementor-post-type=\"page\">\n\t\t\t\t<div class=\"elementor-element elementor-element-1f8b7fe e-flex e-con-boxed e-con e-parent\" data-id=\"1f8b7fe\" data-element_type=\"container\" data-e-type=\"container\" data-settings=\"{&quot;jet_parallax_layout_list&quot;:[]}\">\n\t\t\t\t\t<div class=\"e-con-inner\">\n\t\t\t\t<div class=\"elementor-element elementor-element-3b0eb3a elementor-widget elementor-widget-heading\" data-id=\"3b0eb3a\" data-element_type=\"widget\" data-e-type=\"widget\" data-widget_type=\"heading.default\">\n\t\t\t\t<div class=\"elementor-widget-container\">\n\t\t\t\t\t<h2 class=\"elementor-heading-title elementor-size-default\">CONTACT<\/h2>\t\t\t\t<\/div>\n\t\t\t\t<\/div>\n\t\t<div class=\"elementor-element elementor-element-33c5972 e-con-full e-flex e-con e-child\" data-id=\"33c5972\" data-element_type=\"container\" data-e-type=\"container\" data-settings=\"{&quot;jet_parallax_layout_list&quot;:[]}\">\n\t\t<div class=\"elementor-element elementor-element-4547144 e-con-full e-flex e-con e-child\" data-id=\"4547144\" data-element_type=\"container\" data-e-type=\"container\" data-settings=\"{&quot;jet_parallax_layout_list&quot;:[]}\">\n\t\t\t\t<div class=\"elementor-element elementor-element-c2127ae animated-slow elementor-invisible elementor-widget elementor-widget-image\" data-id=\"c2127ae\" data-element_type=\"widget\" data-e-type=\"widget\" data-settings=\"{&quot;_animation&quot;:&quot;fadeInLeft&quot;}\" data-widget_type=\"image.default\">\n\t\t\t\t<div class=\"elementor-widget-container\">\n\t\t\t\t\t\t\t\t\t\t\t\t\t\t\t<img fetchpriority=\"high\" decoding=\"async\" width=\"900\" height=\"900\" src=\"https:\/\/spanyi.weiterdev.ch\/wp-content\/uploads\/2024\/11\/contact.jpg\" class=\"attachment-full size-full wp-image-3776\" alt=\"\" srcset=\"https:\/\/spanyi.weiterdev.ch\/wp-content\/uploads\/2024\/11\/contact.jpg 900w, https:\/\/spanyi.weiterdev.ch\/wp-content\/uploads\/2024\/11\/contact-300x300.jpg 300w, https:\/\/spanyi.weiterdev.ch\/wp-content\/uploads\/2024\/11\/contact-150x150.jpg 150w, https:\/\/spanyi.weiterdev.ch\/wp-content\/uploads\/2024\/11\/contact-768x768.jpg 768w\" sizes=\"(max-width: 900px) 100vw, 900px\" \/>\t\t\t\t\t\t\t\t\t\t\t\t\t\t\t<\/div>\n\t\t\t\t<\/div>\n\t\t\t\t<\/div>\n\t\t<div class=\"elementor-element elementor-element-ec299b4 e-con-full e-flex e-con e-child\" data-id=\"ec299b4\" data-element_type=\"container\" data-e-type=\"container\" data-settings=\"{&quot;jet_parallax_layout_list&quot;:[]}\">\n\t\t\t\t<div class=\"elementor-element elementor-element-b7af816 elementor-widget elementor-widget-text-editor\" data-id=\"b7af816\" data-element_type=\"widget\" data-e-type=\"widget\" data-widget_type=\"text-editor.default\">\n\t\t\t\t<div class=\"elementor-widget-container\">\n\t\t\t\t\t\t\t\t\t<p>SP\u00c1NYI PARTNERS ZRT.<br \/>1123 Budapest,<br \/>Gy\u0151ri \u00fat 16-18. I. emelet<\/p><p><a href=\"tel:\/\/+3612121228\">+36 1 212 1228<\/a><br \/><a href=\"mailto:info@spajak.hu\">info@spajak.hu<\/a><br \/><a href=\"https:\/\/www.spanyi.hu\/en\/\">www.spanyi.hu<\/a><\/p>\t\t\t\t\t\t\t\t<\/div>\n\t\t\t\t<\/div>\n\t\t\t\t<div class=\"elementor-element elementor-element-b87fad1 e-grid-align-left elementor-shape-rounded elementor-grid-0 elementor-widget elementor-widget-social-icons\" data-id=\"b87fad1\" data-element_type=\"widget\" data-e-type=\"widget\" data-widget_type=\"social-icons.default\">\n\t\t\t\t<div class=\"elementor-widget-container\">\n\t\t\t\t\t\t\t<div class=\"elementor-social-icons-wrapper elementor-grid\" role=\"list\">\n\t\t\t\t\t\t\t<span class=\"elementor-grid-item\" role=\"listitem\">\n\t\t\t\t\t<a class=\"elementor-icon elementor-social-icon elementor-social-icon-linkedin elementor-repeater-item-7d5ba35\" href=\"https:\/\/www.linkedin.com\/company\/1231134\/\" target=\"_blank\">\n\t\t\t\t\t\t<span class=\"elementor-screen-only\">Linkedin<\/span>\n\t\t\t\t\t\t<i aria-hidden=\"true\" class=\"fab fa-linkedin\"><\/i>\t\t\t\t\t<\/a>\n\t\t\t\t<\/span>\n\t\t\t\t\t\t\t<span class=\"elementor-grid-item\" role=\"listitem\">\n\t\t\t\t\t<a class=\"elementor-icon elementor-social-icon elementor-social-icon-facebook elementor-repeater-item-32283be\" href=\"https:\/\/www.facebook.com\/Sp%C3%A1nyi-Partners-Zrt-163007840392477\/\" target=\"_blank\">\n\t\t\t\t\t\t<span class=\"elementor-screen-only\">Facebook<\/span>\n\t\t\t\t\t\t<i aria-hidden=\"true\" class=\"fab fa-facebook\"><\/i>\t\t\t\t\t<\/a>\n\t\t\t\t<\/span>\n\t\t\t\t\t<\/div>\n\t\t\t\t\t\t<\/div>\n\t\t\t\t<\/div>\n\t\t\t\t<div class=\"elementor-element elementor-element-64b9582 elementor-widget elementor-widget-text-editor\" data-id=\"64b9582\" data-element_type=\"widget\" data-e-type=\"widget\" data-widget_type=\"text-editor.default\">\n\t\t\t\t<div class=\"elementor-widget-container\">\n\t\t\t\t\t\t\t\t\t<p>Company registration number: 01-10-048398<br \/>Tax number: 25180549-2-43<br \/>International VAT number: HU25180549<\/p>\t\t\t\t\t\t\t\t<\/div>\n\t\t\t\t<\/div>\n\t\t\t\t<\/div>\n\t\t\t\t<\/div>\n\t\t\t\t\t<\/div>\n\t\t\t\t<\/div>\n\t\t<div class=\"elementor-element elementor-element-3f9affa e-flex e-con-boxed e-con e-parent\" data-id=\"3f9affa\" data-element_type=\"container\" data-e-type=\"container\" data-settings=\"{&quot;background_background&quot;:&quot;classic&quot;,&quot;jet_parallax_layout_list&quot;:[]}\">\n\t\t\t\t\t<div class=\"e-con-inner\">\n\t\t\t\t<div class=\"elementor-element elementor-element-0eaacf9 elementor-widget elementor-widget-heading\" data-id=\"0eaacf9\" data-element_type=\"widget\" data-e-type=\"widget\" data-widget_type=\"heading.default\">\n\t\t\t\t<div class=\"elementor-widget-container\">\n\t\t\t\t\t<h2 class=\"elementor-heading-title elementor-size-default\">CONTACT FORM<\/h2>\t\t\t\t<\/div>\n\t\t\t\t<\/div>\n\t\t\t\t<div class=\"elementor-element elementor-element-28efef2 elementor-widget__width-initial elementor-widget elementor-widget-text-editor\" data-id=\"28efef2\" data-element_type=\"widget\" data-e-type=\"widget\" data-widget_type=\"text-editor.default\">\n\t\t\t\t<div class=\"elementor-widget-container\">\n\t\t\t\t\t\t\t\t\t<p>Whether you have questions or are ready to start a project, fill out the form below, and our team will get back to you promptly.<\/p>\t\t\t\t\t\t\t\t<\/div>\n\t\t\t\t<\/div>\n\t\t\t\t<div class=\"elementor-element elementor-element-6c4880b elementor-button-align-center elementor-widget elementor-widget-form\" data-id=\"6c4880b\" data-element_type=\"widget\" data-e-type=\"widget\" data-settings=\"{&quot;step_next_label&quot;:&quot;Next&quot;,&quot;step_previous_label&quot;:&quot;Previous&quot;,&quot;button_width&quot;:&quot;100&quot;,&quot;step_type&quot;:&quot;number_text&quot;,&quot;step_icon_shape&quot;:&quot;circle&quot;}\" data-widget_type=\"form.default\">\n\t\t\t\t<div class=\"elementor-widget-container\">\n\t\t\t\t\t\t\t<form class=\"elementor-form\" method=\"post\" name=\"New Form\" aria-label=\"New Form\" novalidate=\"\">\n\t\t\t<input type=\"hidden\" name=\"post_id\" value=\"457\"\/>\n\t\t\t<input type=\"hidden\" name=\"form_id\" value=\"6c4880b\"\/>\n\t\t\t<input type=\"hidden\" name=\"referer_title\" value=\"Contact - Sp\u00e1nyi Partners\" \/>\n\n\t\t\t\t\t\t\t<input type=\"hidden\" name=\"queried_id\" value=\"457\"\/>\n\t\t\t\n\t\t\t<div class=\"elementor-form-fields-wrapper elementor-labels-\">\n\t\t\t\t\t\t\t\t<div class=\"elementor-field-type-text elementor-field-group elementor-column elementor-field-group-name elementor-col-50\">\n\t\t\t\t\t\t\t\t\t\t\t\t<label for=\"form-field-name\" class=\"elementor-field-label elementor-screen-only\">\n\t\t\t\t\t\t\t\tName\t\t\t\t\t\t\t<\/label>\n\t\t\t\t\t\t\t\t\t\t\t\t\t\t<input size=\"1\" type=\"text\" name=\"form_fields[name]\" id=\"form-field-name\" class=\"elementor-field elementor-size-sm  elementor-field-textual\" placeholder=\"Name\">\n\t\t\t\t\t\t\t\t\t\t\t<\/div>\n\t\t\t\t\t\t\t\t<div class=\"elementor-field-type-text elementor-field-group elementor-column elementor-field-group-field_af666ce elementor-col-50\">\n\t\t\t\t\t\t\t\t\t\t\t\t<label for=\"form-field-field_af666ce\" class=\"elementor-field-label elementor-screen-only\">\n\t\t\t\t\t\t\t\tCompany\t\t\t\t\t\t\t<\/label>\n\t\t\t\t\t\t\t\t\t\t\t\t\t\t<input size=\"1\" type=\"text\" name=\"form_fields[field_af666ce]\" id=\"form-field-field_af666ce\" class=\"elementor-field elementor-size-sm  elementor-field-textual\" placeholder=\"Company\">\n\t\t\t\t\t\t\t\t\t\t\t<\/div>\n\t\t\t\t\t\t\t\t<div class=\"elementor-field-type-email elementor-field-group elementor-column elementor-field-group-email elementor-col-100 elementor-field-required\">\n\t\t\t\t\t\t\t\t\t\t\t\t<label for=\"form-field-email\" class=\"elementor-field-label elementor-screen-only\">\n\t\t\t\t\t\t\t\tE-Mail Address\t\t\t\t\t\t\t<\/label>\n\t\t\t\t\t\t\t\t\t\t\t\t\t\t<input size=\"1\" type=\"email\" name=\"form_fields[email]\" id=\"form-field-email\" class=\"elementor-field elementor-size-sm  elementor-field-textual\" placeholder=\"E-Mail Address\" required=\"required\">\n\t\t\t\t\t\t\t\t\t\t\t<\/div>\n\t\t\t\t\t\t\t\t<div class=\"elementor-field-type-textarea elementor-field-group elementor-column elementor-field-group-message elementor-col-100\">\n\t\t\t\t\t\t\t\t\t\t\t\t<label for=\"form-field-message\" class=\"elementor-field-label elementor-screen-only\">\n\t\t\t\t\t\t\t\tMessage\t\t\t\t\t\t\t<\/label>\n\t\t\t\t\t\t<textarea class=\"elementor-field-textual elementor-field  elementor-size-sm\" name=\"form_fields[message]\" id=\"form-field-message\" rows=\"4\" placeholder=\"Message\"><\/textarea>\t\t\t\t<\/div>\n\t\t\t\t\t\t\t\t<div class=\"elementor-field-type-recaptcha elementor-field-group elementor-column elementor-field-group-field_b1a0331 elementor-col-100\">\n\t\t\t\t\t<div class=\"elementor-field\" id=\"form-field-field_b1a0331\"><div class=\"elementor-g-recaptcha\" data-sitekey=\"6LcjrPMZAAAAACVOTuctxf6O-sb3IUf7BBVDX4F0\" data-type=\"v2_checkbox\" data-theme=\"light\" data-size=\"normal\"><\/div><\/div>\t\t\t\t<\/div>\n\t\t\t\t\t\t\t\t<div class=\"elementor-field-group elementor-column elementor-field-type-submit elementor-col-100 e-form__buttons\">\n\t\t\t\t\t<button class=\"elementor-button elementor-size-sm\" type=\"submit\">\n\t\t\t\t\t\t<span class=\"elementor-button-content-wrapper\">\n\t\t\t\t\t\t\t\t\t\t\t\t\t\t\t\t\t\t\t\t\t\t<span class=\"elementor-button-text\">Send<\/span>\n\t\t\t\t\t\t\t\t\t\t\t\t\t<\/span>\n\t\t\t\t\t<\/button>\n\t\t\t\t<\/div>\n\t\t\t<\/div>\n\t\t<\/form>\n\t\t\t\t\t\t<\/div>\n\t\t\t\t<\/div>\n\t\t\t\t\t<\/div>\n\t\t\t\t<\/div>\n\t\t<div class=\"elementor-element elementor-element-9cb601c e-con-full e-flex e-con e-parent\" data-id=\"9cb601c\" data-element_type=\"container\" data-e-type=\"container\" data-settings=\"{&quot;jet_parallax_layout_list&quot;:[]}\">\n\t\t\t\t<div class=\"elementor-element elementor-element-4ccf5b0 elementor-widget elementor-widget-jet-map\" data-id=\"4ccf5b0\" data-element_type=\"widget\" data-e-type=\"widget\" data-widget_type=\"jet-map.default\">\n\t\t\t\t<div class=\"elementor-widget-container\">\n\t\t\t\t\t<div class=\"jet-map\" data-provider=\"google\" data-init=\"{&quot;center&quot;:{&quot;lat&quot;:47.491090799999988,&quot;lng&quot;:19.026956299999998},&quot;zoom&quot;:14,&quot;scrollwheel&quot;:false,&quot;zoomControl&quot;:true,&quot;pinsAutoClose&quot;:false,&quot;draggable&quot;:true,&quot;provider&quot;:&quot;google&quot;,&quot;fullscreenControl&quot;:true,&quot;streetViewControl&quot;:true,&quot;mapTypeControl&quot;:true}\" data-pins=\"[{&quot;address&quot;:&quot;1123 Budapest, Gy\\u0151ri \\u00fat 16-18. I. emelet&quot;,&quot;position&quot;:{&quot;lat&quot;:47.491090799999988,&quot;lng&quot;:19.026956299999998},&quot;desc&quot;:&quot;&lt;p&gt;&lt;strong&gt;SP\\u00c1NYI PARTNERS ZRT.&lt;\\\/strong&gt;&lt;br \\\/&gt;1123 Budapest,&lt;br \\\/&gt;Gy\\u0151ri \\u00fat 16-18. I.&lt;br \\\/&gt;emelet&lt;\\\/p&gt;&quot;,&quot;state&quot;:&quot;visible&quot;,&quot;image&quot;:&quot;https:\\\/\\\/spanyi.weiterdev.ch\\\/wp-content\\\/uploads\\\/2025\\\/02\\\/spanyi_icon.svg&quot;,&quot;image_width&quot;:33,&quot;image_height&quot;:33}]\"><\/div>\t\t\t\t<\/div>\n\t\t\t\t<\/div>\n\t\t\t\t<\/div>\n\t\t\t\t<\/div>\n\t\t","protected":false},"excerpt":{"rendered":"<p>CONTACT SP\u00c1NYI PARTNERS ZRT.1123 Budapest,Gy\u0151ri \u00fat 16-18. I. emelet +36 1 212 1228info@spajak.huwww.spanyi.hu Linkedin Facebook Company registration number: 01-10-048398Tax number: 25180549-2-43International VAT number: HU25180549 CONTACT FORM Whether you have questions or are ready to start a project, fill out the form below, and our team will get back to you promptly.<\/p>\n","protected":false},"author":1,"featured_media":0,"parent":0,"menu_order":0,"comment_status":"closed","ping_status":"closed","template":"","meta":{"_acf_changed":false,"footnotes":""},"class_list":["post-457","page","type-page","status-publish","hentry"],"acf":[],"yoast_head":"<!-- This site is optimized with the Yoast SEO Premium plugin v24.7 (Yoast SEO v27.3) - https:\/\/yoast.com\/product\/yoast-seo-premium-wordpress\/ -->\n<title>Contact - Sp\u00e1nyi Partners<\/title>\n<meta name=\"robots\" content=\"noindex, follow, max-snippet:-1, max-image-preview:large, max-video-preview:-1\" \/>\n<meta property=\"og:locale\" content=\"en_US\" \/>\n<meta property=\"og:type\" content=\"article\" \/>\n<meta property=\"og:title\" content=\"Contact\" \/>\n<meta property=\"og:description\" content=\"CONTACT SP\u00c1NYI PARTNERS ZRT.1123 Budapest,Gy\u0151ri \u00fat 16-18. I. emelet +36 1 212 1228info@spajak.huwww.spanyi.hu Linkedin Facebook Company registration number: 01-10-048398Tax number: 25180549-2-43International VAT number: HU25180549 CONTACT FORM Whether you have questions or are ready to start a project, fill out the form below, and our team will get back to you promptly.\" \/>\n<meta property=\"og:url\" content=\"https:\/\/spanyi.weiterdev.ch\/en\/contact\/\" \/>\n<meta property=\"og:site_name\" content=\"Sp\u00e1nyi Partners\" \/>\n<meta property=\"article:modified_time\" content=\"2025-03-13T12:22:49+00:00\" \/>\n<meta property=\"og:image\" content=\"https:\/\/spanyi.weiterdev.ch\/wp-content\/uploads\/2024\/11\/contact.jpg\" \/>\n<meta name=\"twitter:card\" content=\"summary_large_image\" \/>\n<meta name=\"twitter:label1\" content=\"Est. reading time\" \/>\n\t<meta name=\"twitter:data1\" content=\"17 minutes\" \/>\n<script type=\"application\/ld+json\" class=\"yoast-schema-graph\">{\"@context\":\"https:\\\/\\\/schema.org\",\"@graph\":[{\"@type\":\"WebPage\",\"@id\":\"https:\\\/\\\/spanyi.weiterdev.ch\\\/en\\\/contact\\\/\",\"url\":\"https:\\\/\\\/spanyi.weiterdev.ch\\\/en\\\/contact\\\/\",\"name\":\"Contact - Sp\u00e1nyi Partners\",\"isPartOf\":{\"@id\":\"https:\\\/\\\/spanyi.weiterdev.ch\\\/#website\"},\"primaryImageOfPage\":{\"@id\":\"https:\\\/\\\/spanyi.weiterdev.ch\\\/en\\\/contact\\\/#primaryimage\"},\"image\":{\"@id\":\"https:\\\/\\\/spanyi.weiterdev.ch\\\/en\\\/contact\\\/#primaryimage\"},\"thumbnailUrl\":\"https:\\\/\\\/spanyi.weiterdev.ch\\\/wp-content\\\/uploads\\\/2024\\\/11\\\/contact.jpg\",\"datePublished\":\"2024-08-13T13:03:10+00:00\",\"dateModified\":\"2025-03-13T12:22:49+00:00\",\"breadcrumb\":{\"@id\":\"https:\\\/\\\/spanyi.weiterdev.ch\\\/en\\\/contact\\\/#breadcrumb\"},\"inLanguage\":\"en-US\",\"potentialAction\":[{\"@type\":\"ReadAction\",\"target\":[\"https:\\\/\\\/spanyi.weiterdev.ch\\\/en\\\/contact\\\/\"]}]},{\"@type\":\"ImageObject\",\"inLanguage\":\"en-US\",\"@id\":\"https:\\\/\\\/spanyi.weiterdev.ch\\\/en\\\/contact\\\/#primaryimage\",\"url\":\"https:\\\/\\\/spanyi.weiterdev.ch\\\/wp-content\\\/uploads\\\/2024\\\/11\\\/contact.jpg\",\"contentUrl\":\"https:\\\/\\\/spanyi.weiterdev.ch\\\/wp-content\\\/uploads\\\/2024\\\/11\\\/contact.jpg\"},{\"@type\":\"BreadcrumbList\",\"@id\":\"https:\\\/\\\/spanyi.weiterdev.ch\\\/en\\\/contact\\\/#breadcrumb\",\"itemListElement\":[{\"@type\":\"ListItem\",\"position\":1,\"name\":\"Home\",\"item\":\"https:\\\/\\\/spanyi.weiterdev.ch\\\/en\\\/\"},{\"@type\":\"ListItem\",\"position\":2,\"name\":\"Contact\"}]},{\"@type\":\"WebSite\",\"@id\":\"https:\\\/\\\/spanyi.weiterdev.ch\\\/#website\",\"url\":\"https:\\\/\\\/spanyi.weiterdev.ch\\\/\",\"name\":\"Sp\u00e1nyi Partners\",\"description\":\"\",\"publisher\":{\"@id\":\"https:\\\/\\\/spanyi.weiterdev.ch\\\/#organization\"},\"potentialAction\":[{\"@type\":\"SearchAction\",\"target\":{\"@type\":\"EntryPoint\",\"urlTemplate\":\"https:\\\/\\\/spanyi.weiterdev.ch\\\/?s={search_term_string}\"},\"query-input\":{\"@type\":\"PropertyValueSpecification\",\"valueRequired\":true,\"valueName\":\"search_term_string\"}}],\"inLanguage\":\"en-US\"},{\"@type\":\"Organization\",\"@id\":\"https:\\\/\\\/spanyi.weiterdev.ch\\\/#organization\",\"name\":\"Sp\u00e1nyi Partners\",\"url\":\"https:\\\/\\\/spanyi.weiterdev.ch\\\/\",\"logo\":{\"@type\":\"ImageObject\",\"inLanguage\":\"en-US\",\"@id\":\"https:\\\/\\\/spanyi.weiterdev.ch\\\/#\\\/schema\\\/logo\\\/image\\\/\",\"url\":\"https:\\\/\\\/spanyi.weiterdev.ch\\\/wp-content\\\/uploads\\\/2024\\\/08\\\/spanyi_logo_white.png\",\"contentUrl\":\"https:\\\/\\\/spanyi.weiterdev.ch\\\/wp-content\\\/uploads\\\/2024\\\/08\\\/spanyi_logo_white.png\",\"width\":351,\"height\":114,\"caption\":\"Sp\u00e1nyi Partners\"},\"image\":{\"@id\":\"https:\\\/\\\/spanyi.weiterdev.ch\\\/#\\\/schema\\\/logo\\\/image\\\/\"}}]}<\/script>\n<!-- \/ Yoast SEO Premium plugin. -->","yoast_head_json":{"title":"Contact - Sp\u00e1nyi Partners","robots":{"index":"noindex","follow":"follow","max-snippet":"max-snippet:-1","max-image-preview":"max-image-preview:large","max-video-preview":"max-video-preview:-1"},"og_locale":"en_US","og_type":"article","og_title":"Contact","og_description":"CONTACT SP\u00c1NYI PARTNERS ZRT.1123 Budapest,Gy\u0151ri \u00fat 16-18. I. emelet +36 1 212 1228info@spajak.huwww.spanyi.hu Linkedin Facebook Company registration number: 01-10-048398Tax number: 25180549-2-43International VAT number: HU25180549 CONTACT FORM Whether you have questions or are ready to start a project, fill out the form below, and our team will get back to you promptly.","og_url":"https:\/\/spanyi.weiterdev.ch\/en\/contact\/","og_site_name":"Sp\u00e1nyi Partners","article_modified_time":"2025-03-13T12:22:49+00:00","og_image":[{"url":"https:\/\/spanyi.weiterdev.ch\/wp-content\/uploads\/2024\/11\/contact.jpg","type":"","width":"","height":""}],"twitter_card":"summary_large_image","twitter_misc":{"Est. reading time":"17 minutes"},"schema":{"@context":"https:\/\/schema.org","@graph":[{"@type":"WebPage","@id":"https:\/\/spanyi.weiterdev.ch\/en\/contact\/","url":"https:\/\/spanyi.weiterdev.ch\/en\/contact\/","name":"Contact - Sp\u00e1nyi Partners","isPartOf":{"@id":"https:\/\/spanyi.weiterdev.ch\/#website"},"primaryImageOfPage":{"@id":"https:\/\/spanyi.weiterdev.ch\/en\/contact\/#primaryimage"},"image":{"@id":"https:\/\/spanyi.weiterdev.ch\/en\/contact\/#primaryimage"},"thumbnailUrl":"https:\/\/spanyi.weiterdev.ch\/wp-content\/uploads\/2024\/11\/contact.jpg","datePublished":"2024-08-13T13:03:10+00:00","dateModified":"2025-03-13T12:22:49+00:00","breadcrumb":{"@id":"https:\/\/spanyi.weiterdev.ch\/en\/contact\/#breadcrumb"},"inLanguage":"en-US","potentialAction":[{"@type":"ReadAction","target":["https:\/\/spanyi.weiterdev.ch\/en\/contact\/"]}]},{"@type":"ImageObject","inLanguage":"en-US","@id":"https:\/\/spanyi.weiterdev.ch\/en\/contact\/#primaryimage","url":"https:\/\/spanyi.weiterdev.ch\/wp-content\/uploads\/2024\/11\/contact.jpg","contentUrl":"https:\/\/spanyi.weiterdev.ch\/wp-content\/uploads\/2024\/11\/contact.jpg"},{"@type":"BreadcrumbList","@id":"https:\/\/spanyi.weiterdev.ch\/en\/contact\/#breadcrumb","itemListElement":[{"@type":"ListItem","position":1,"name":"Home","item":"https:\/\/spanyi.weiterdev.ch\/en\/"},{"@type":"ListItem","position":2,"name":"Contact"}]},{"@type":"WebSite","@id":"https:\/\/spanyi.weiterdev.ch\/#website","url":"https:\/\/spanyi.weiterdev.ch\/","name":"Sp\u00e1nyi Partners","description":"","publisher":{"@id":"https:\/\/spanyi.weiterdev.ch\/#organization"},"potentialAction":[{"@type":"SearchAction","target":{"@type":"EntryPoint","urlTemplate":"https:\/\/spanyi.weiterdev.ch\/?s={search_term_string}"},"query-input":{"@type":"PropertyValueSpecification","valueRequired":true,"valueName":"search_term_string"}}],"inLanguage":"en-US"},{"@type":"Organization","@id":"https:\/\/spanyi.weiterdev.ch\/#organization","name":"Sp\u00e1nyi Partners","url":"https:\/\/spanyi.weiterdev.ch\/","logo":{"@type":"ImageObject","inLanguage":"en-US","@id":"https:\/\/spanyi.weiterdev.ch\/#\/schema\/logo\/image\/","url":"https:\/\/spanyi.weiterdev.ch\/wp-content\/uploads\/2024\/08\/spanyi_logo_white.png","contentUrl":"https:\/\/spanyi.weiterdev.ch\/wp-content\/uploads\/2024\/08\/spanyi_logo_white.png","width":351,"height":114,"caption":"Sp\u00e1nyi Partners"},"image":{"@id":"https:\/\/spanyi.weiterdev.ch\/#\/schema\/logo\/image\/"}}]}},"_links":{"self":[{"href":"https:\/\/spanyi.weiterdev.ch\/en\/wp-json\/wp\/v2\/pages\/457","targetHints":{"allow":["GET"]}}],"collection":[{"href":"https:\/\/spanyi.weiterdev.ch\/en\/wp-json\/wp\/v2\/pages"}],"about":[{"href":"https:\/\/spanyi.weiterdev.ch\/en\/wp-json\/wp\/v2\/types\/page"}],"author":[{"embeddable":true,"href":"https:\/\/spanyi.weiterdev.ch\/en\/wp-json\/wp\/v2\/users\/1"}],"replies":[{"embeddable":true,"href":"https:\/\/spanyi.weiterdev.ch\/en\/wp-json\/wp\/v2\/comments?post=457"}],"version-history":[{"count":205,"href":"https:\/\/spanyi.weiterdev.ch\/en\/wp-json\/wp\/v2\/pages\/457\/revisions"}],"predecessor-version":[{"id":6949,"href":"https:\/\/spanyi.weiterdev.ch\/en\/wp-json\/wp\/v2\/pages\/457\/revisions\/6949"}],"wp:attachment":[{"href":"https:\/\/spanyi.weiterdev.ch\/en\/wp-json\/wp\/v2\/media?parent=457"}],"curies":[{"name":"wp","href":"https:\/\/api.w.org\/{rel}","templated":true}]}}